{"id":88,"date":"2018-03-28T10:04:18","date_gmt":"2018-03-28T10:04:18","guid":{"rendered":"http:\/\/szerver1.kisfaludy-kornye.sulinet.hu\/?page_id=88"},"modified":"2021-03-22T14:23:02","modified_gmt":"2021-03-22T13:23:02","slug":"muveszeti-iskola","status":"publish","type":"page","link":"http:\/\/www.kisfaludy-kornye.edu.hu\/index.php\/muveszeti-iskola\/","title":{"rendered":"M\u0171v\u00e9szeti iskola"},"content":{"rendered":"<p>A tantervi v\u00e1ltoz\u00e1sok miatt tanul\u00f3ink k\u00f6telez\u0151 \u00f3r\u00e1inak sz\u00e1ma cs\u00f6kkent, kevesebb id\u0151t kellett szervezett keretek k\u00f6z\u00f6tt az \u00e1ltal\u00e1nos iskol\u00e1ban t\u00f6lteni\u00fck. Nagyon fontosnak tartjuk, hogy hasznosan t\u00f6lts\u00e9k el megn\u00f6vekedett szabadidej\u00fcket. K\u00fcl\u00f6n\u00f6sen napjainkban l\u00e9nyeges ez, amikor jelent\u0151s vesz\u00e9lyk\u00e9nt leselkedik gyermekeinkre a m\u00e9dia \u00e9s az internet ellen\u0151rizetlen haszn\u00e1lata, illetve az utcai cselleng\u00e9s, band\u00e1z\u00e1s. Ez\u00e9rt is d\u00f6nt\u00f6tt\u00fcnk \u00fagy, hogy 2001. szeptember 1-j\u00e9t\u0151l \u00f6t tanszakkal elind\u00edtjuk m\u0171v\u00e9szeti iskol\u00e1nkat. D\u00f6nt\u00e9s\u00fcnk helyess\u00e9g\u00e9t igazolja, hogy \u00e1ltal\u00e1nos iskol\u00e1nkban tanul\u00f3 gyerekeinknek fele sz\u00edvesen vesz r\u00e9szt ebben a k\u00e9pz\u00e9si form\u00e1ban. Annak ellen\u00e9re, hogy az ut\u00f3bbi \u00e9vekben a t\u00f6rv\u00e9ny el\u0151\u00edr\u00e1sa szerint t\u00e9r\u00edt\u00e9si d\u00edjat k\u00e9nyszer\u00fcl\u00fcnk szedni, a m\u0171v\u00e9szetoktat\u00e1sban r\u00e9sztvev\u0151 di\u00e1kjaink sz\u00e1mar\u00e1nya nem cs\u00f6kkent. M\u00e1r k\u00f6z\u00e9piskolai tanulm\u00e1nyokat folytat\u00f3 k\u00f6rnyei di\u00e1kok k\u00f6z\u00fcl is t\u00f6bben visszaj\u00e1rnak hozz\u00e1nk.&nbsp; M\u00e1s telep\u00fcl\u00e9sr\u0151l is sz\u00edvesen j\u00f6nnek a m\u0171v\u00e9szeteket kedvel\u0151k.<\/p>\n<p>M\u0171v\u00e9szeti \u00e1gaink seg\u00edts\u00e9g\u00e9vel di\u00e1kjaink megismerik, meg\u0151rzik nemzeti, n\u00e9pi hagyom\u00e1nyainkat, \u00e9rt\u00e9keinket, \u00e9s fejl\u0151dik eszt\u00e9tikai \u00e9rz\u00e9k\u00fck is. A mozg\u00e1ssal j\u00e1r\u00f3 m\u0171v\u00e9szeti \u00e1gak lehet\u0151s\u00e9get teremtenek az eg\u00e9szs\u00e9ges \u00e9letm\u00f3dra nevel\u00e9sre, a fizikai \u00e1ll\u00f3k\u00e9pess\u00e9g n\u00f6vel\u00e9s\u00e9re. Tanul\u00f3ink sz\u00edvesen vesznek r\u00e9szt a k\u00f6z\u00f6ss\u00e9gi alkot\u00f3munk\u00e1ban.<\/p>\n<p>C\u00e9lunk olyan emberek nevel\u00e9se, akik a term\u00e9szetes \u00e9s t\u00e1rsadalmi k\u00f6rnyezet sz\u00e9ps\u00e9geire nyitottak, ezeket tudj\u00e1k \u00e9rt\u00e9kelni, \u00e9s a term\u00e9szettel harmonikusan tudnak egy\u00fctt \u00e9lni. Fontosnak tartjuk, hogy igyekezzenek eg\u00e9szs\u00e9gesen \u00e9lni, egym\u00e1sra odafigyelni, legyenek k\u00e9pesek \u00f6n\u00e1ll\u00f3 ismeretszerz\u00e9sre, probl\u00e9mamegold\u00f3 gondolkod\u00e1sra, m\u00e1sokkal val\u00f3 egy\u00fcttm\u0171k\u00f6d\u00e9sre.<\/p>\n<p>A b\u00e1b tanszakot a kezdetekt\u0151l Go\u00f3r Brigitta vezeti. Z\u00f6m\u00e9ben als\u00f3 tagozatos gyerekek vesznek r\u00e9szt a k\u00f6z\u00f6s munk\u00e1ban, b\u00e1r volt olyan tanul\u00f3nk, aki nyolcadikos kor\u00e1ban m\u00e9g sz\u00edvesen b\u00e1bozott. Az egy\u00e9bk\u00e9nt csendes, visszah\u00faz\u00f3d\u00f3 gyerekeknek is kit\u0171n\u0151 lehet\u0151s\u00e9get ny\u00fajt a b\u00e1bj\u00e1t\u00e9k a \u201eparav\u00e1n v\u00e9delm\u00e9ben\u201d g\u00e1tl\u00e1saik lek\u00fczd\u00e9s\u00e9re, a sz\u00ednpadi szerepl\u00e9s v\u00e1llal\u00e1s\u00e1ra. Nemcsak int\u00e9zm\u00e9ny\u00fcnk rendezv\u00e9nyein l\u00e9pnek fel rendszeresen (pl.: Mikul\u00e1s \u00fcnneps\u00e9g), hanem a Vackor \u00f3vod\u00e1ban is sz\u00edvesen sz\u00f3rakoztatj\u00e1k a h\u00e1l\u00e1s kis k\u00f6z\u00f6ns\u00e9get. T\u00f6bbsz\u00f6r eljutottak m\u00e1r a megye m\u00e1s telep\u00fcl\u00e9seire is vend\u00e9gj\u00e1t\u00e9kra. Rendszeresen r\u00e9szt vesznek az Orsz\u00e1gos We\u00f6res S\u00e1ndor Gyermeksz\u00ednj\u00e1tsz\u00f3 Tal\u00e1lkoz\u00f3n, ahol bronz, ez\u00fcst \u00e9s arany min\u0151s\u00edt\u00e9st \u00e9rtek el. A tanszak di\u00e1kjai a Ko\u00f3s Iv\u00e1n Gyermekb\u00e1bos Tal\u00e1lkoz\u00f3n k\u00fcl\u00f6nd\u00edjban r\u00e9szes\u00fcltek.<\/p>\n<p>A n\u00e9pt\u00e1nc tanszakot L\u00e1szl\u00f3 M\u00e1rta, Keltai G\u00e1bor neve f\u00e9mjelzi, kor\u00e1bban Joha Istv\u00e1n is foglalkozott a gyerekekkel. Nagy \u00f6r\u00f6m, hogy k\u00f6r\u00fclbel\u00fcl n\u00f6vend\u00e9keink fele ezt a m\u0171v\u00e9szeti \u00e1gat v\u00e1lasztja. Val\u00f3sz\u00edn\u0171leg hozz\u00e1j\u00e1rul ehhez az is, hogy az ut\u00e1np\u00f3tl\u00e1s nevel\u00e9s\u00e9t m\u00e1r az \u00f3vod\u00e1s kor\u00faak k\u00f6z\u00f6tt elkezdj\u00fck. Nagyon fontos, hogy a k\u00f6z\u00f6s t\u00e1ncol\u00e1s \u00e9s \u00e9nekl\u00e9s mellett megismerkednek a gyerekek a nemzeti \u00e9s helyi hagyom\u00e1nyainkkal, s\u0151t akt\u00edv r\u00e9szesei lesznek \u00e1pol\u00e1suknak, \u0151rz\u00e9s\u00fcknek. Ennek egyik legjobb p\u00e9ld\u00e1ja, hogy \u00e9vr\u0151l \u00e9vre december 13-\u00e1n luc\u00e1zni indulnak, \u00e9s j\u00f3k\u00edv\u00e1ns\u00e1gaikkal bej\u00e1rj\u00e1k a falu int\u00e9zm\u00e9nyeit.<\/p>\n<p>N\u00e9pt\u00e1ncosaink mid az iskola, mind a k\u00f6zs\u00e9g kultur\u00e1lis \u00e9let\u00e9ben kiemelked\u0151 \u00e9s meghat\u00e1roz\u00f3 szerepet j\u00e1tszanak, szinte minden rendezv\u00e9nyen fell\u00e9pnek. \u00c9lvezetes m\u0171sorukban gy\u00f6ny\u00f6rk\u00f6dhet\u00fcnk pl. a sz\u00fcreti felvonul\u00e1son, nemzeti \u00fcnnepeinken, a kar\u00e1csonyi m\u0171sorban.<\/p>\n<p>2002 \u00e1prilis\u00e1ban a M\u0171v\u00e9szeti Iskol\u00e1k Region\u00e1lis Fesztiv\u00e1lj\u00e1n k\u00fcl\u00f6nd\u00edjban r\u00e9szes\u00fcltek. A Tolna Megyei N\u00e9pt\u00e1nc Tal\u00e1lkoz\u00f3n 2003-ban harmadik helyez\u00e9st \u00e9rtek el. R\u00e9szt vettek a t\u00e1rk\u00e1nyi \u00e9s tardoskeddi n\u00e9pt\u00e1nc tal\u00e1lkoz\u00f3kon is.&nbsp; Minden \u00e9vben fell\u00e9pnek a Perd\u00fclj ki! T\u00e1ncfesztiv\u00e1lon \u00e9s a Megyei N\u00e9pt\u00e1nc Tal\u00e1lkoz\u00f3n. A Tatab\u00e1nyai N\u00e9pi Gyerekj\u00e1t\u00e9k Fesztiv\u00e1lon 2005-ben harmadik, 2007-ben els\u0151 helyezettek lettek, 2009-ben pedig arany min\u0151s\u00edt\u00e9st kaptak, \u00e9s tov\u00e1bb jutottak az oroszl\u00e1nyi ter\u00fcleti fordul\u00f3ba. Rendszeres fell\u00e9p\u0151k a k\u00f6zs\u00e9g\u00fcnkben \u00e9venk\u00e9nt rendezett Nemzetis\u00e9gi- \u00e9s S\u00f6rfesztiv\u00e1lon. K\u00e9t alkalommal \u2013 2004\u2013ben \u00e9s 2006-ban \u2013 szerepeltek Steffenbergben, K\u00f6rnye testv\u00e9rv\u00e1ros\u00e1ban is. Szakmailag fejl\u0151d\u00e9st, ugyanakkor kellemes pihen\u00e9st jelentettek a tardoskeddi ny\u00e1ri t\u00e1nct\u00e1borok.<\/p>\n<p>A grafika tanszakon az elm\u00falt \u00e9vekben tanul\u00f3inak m\u0171v\u00e9szeti fog\u00e9konys\u00e1g\u00e1t V\u00e1gi Erika, Weigert Andrea \u00e9s Solt\u00e9sz L\u00e1szl\u00f3 fejlesztette. Sz\u00edvesen v\u00e1lasztj\u00e1k kicsik \u00e9s nagyok ezt a tanszakot, mert itt k\u00e9zzel foghat\u00f3an megtapasztalhatj\u00e1k az alkot\u00e1s \u00f6r\u00f6m\u00e9t.<\/p>\n<p>\u00c9vente k\u00e9tszer szervez\u00fcnk a legjobban siker\u00fclt alkot\u00e1sokb\u00f3l ki\u00e1ll\u00edt\u00e1st. Munk\u00e1jukat a falu lakoss\u00e1ga is megcsod\u00e1lhatja. Az iskol\u00e1nk folyos\u00f3j\u00e1n elhelyezett bemutat\u00f3 falon folyamatosan a legfrissebb gyermekalkot\u00e1sok l\u00e1that\u00f3k, ezzel is \u00f6szt\u00f6n\u00f6zve a di\u00e1kt\u00e1rsakat a k\u00e9pz\u0151m\u0171v\u00e9szeti munk\u00e1ba val\u00f3 bekapcsol\u00f3d\u00e1sra. A ny\u00e1ri alkot\u00f3t\u00e1borba is egyre t\u00f6bben vesznek r\u00e9szt. Egyik grafika tanszakos tanul\u00f3nk k\u00fcl\u00f6nd\u00edjat kapott a szlov\u00e1kiai rajz \u00e9s fot\u00f3p\u00e1ly\u00e1zaton, illetve harmadik helyez\u00e9st \u00e9rt el a Szentes v\u00e1ros \u00e1ltal rendezett 1956-r\u00f3l sz\u00f3l\u00f3 nemzetk\u00f6zi rajzp\u00e1ly\u00e1zaton.<\/p>\n<p>A sz\u00ednj\u00e1t\u00e9k tanszakon a tanul\u00f3k Juh\u00e1sz Imr\u00e9n\u00e9, Maticsn\u00e9 Szab\u00f3-Kov\u00e1cs \u00c1gnes \u00e9s Dr. Szemetin\u00e9 Horn Bernadett vezet\u00e9se alatt bontogathatt\u00e1k sz\u00e1rnyaikat. A lelkes kis csoport szitu\u00e1ci\u00f3s gyakorlatokon kereszt\u00fcl k\u00e9sz\u00fcl fel a sz\u00edndarabok, musicalr\u00e9szletek el\u0151ad\u00e1s\u00e1ra. A pr\u00f3b\u00e1k, az el\u0151ad\u00e1sok mindig vid\u00e1m hangulatban zajlanak. Az itt foly\u00f3 munka sz\u00e9p p\u00e9ld\u00e1ja a k\u00fcl\u00f6nb\u00f6z\u0151 \u00e9letkor\u00fa gyerekek k\u00f6z\u00f6s, egy\u00fcttm\u0171k\u00f6d\u0151 tev\u00e9kenys\u00e9g\u00e9nek. \u0150k is akt\u00edv r\u00e9szesei az iskola \u00e9s a k\u00f6zs\u00e9g kultur\u00e1lis \u00e9let\u00e9nek, p\u00e9ld\u00e1ul bemutatj\u00e1k tud\u00e1sukat a Kisfaludy-g\u00e1l\u00e1n. Rendszeresen r\u00e9szt vesznek az Orsz\u00e1gos We\u00f6res S\u00e1ndor Gyermeksz\u00ednj\u00e1tsz\u00f3 Tal\u00e1lkoz\u00f3n, ahol 2007-ben ez\u00fcst min\u0151s\u00edt\u00e9st, 2009-ben pedig arany \u00e9s ez\u00fcst min\u0151s\u00edt\u00e9st \u00e9rtek el.<\/p>\n<p>A m\u0171v\u00e9szetoktat\u00e1s eredm\u00e9nyess\u00e9g\u00e9t mutatja, hogy megind\u00edt\u00e1sa \u00f3ta nyolcan folytatt\u00e1k tanulm\u00e1nyaikat valamilyen m\u0171v\u00e9szeti szakk\u00f6z\u00e9piskol\u00e1ban, h\u00e1rman m\u0171v\u00e9szeti szakir\u00e1ny\u00fa fels\u0151oktat\u00e1si int\u00e9zm\u00e9nyben, ketten pedig gimn\u00e1ziumi \u00e9retts\u00e9gi ut\u00e1n konzervat\u00f3riumi hallgat\u00f3k lettek.<\/p>\n<p>2007-ben befejez\u0151d\u00f6tt m\u0171v\u00e9szeti iskol\u00e1nk min\u0151s\u00edt\u00e9si elj\u00e1r\u00e1sa, amelynek sor\u00e1n a k\u00f6vetkez\u0151 \u00e9rt\u00e9kel\u00e9st k\u00e9sz\u00edtett\u00e9k m\u0171v\u00e9szeti \u00e1gaink szakmai munk\u00e1j\u00e1r\u00f3l: \u201eAz iskola nagyon \u00e9rt\u00e9kes m\u0171v\u00e9szet-pedag\u00f3giai munk\u00e1t v\u00e9gez. Az iskola vezet\u00e9se \u00e9s tan\u00e1rai tiszteletre m\u00e9lt\u00f3 elhivatotts\u00e1ggal igyekeznek a r\u00e1juk b\u00edzott gyerekekben felkelteni az \u00e9rdekl\u0151d\u00e9st az igazi, \u00e9rt\u00e9kes m\u0171v\u00e9szetek ir\u00e1nt. Az int\u00e9zm\u00e9ny k\u00fcl\u00f6n\u00f6s gondot ford\u00edt arra, hogy a h\u00e1tr\u00e1nyos helyzet\u0171 tanul\u00f3k is akt\u00edvan r\u00e9szt vegyenek a k\u00f6z\u00f6ss\u00e9g munk\u00e1j\u00e1ban, mert j\u00f3l tudja, hogy m\u00e1sk\u00e9pp n\u00e9z a vil\u00e1gra az a feln\u0151tt, aki nyitott \u00e9s fog\u00e9kony a m\u0171v\u00e9szi el\u0151ad\u00e1sokra, alkot\u00e1sokra. A helysz\u00edni szemle alatt l\u00e1togatott \u00f3r\u00e1kon a tan\u00e1rok a tanul\u00f3k \u00e9rdekl\u0151d\u00e9s\u00e9t v\u00e9gig \u00e9bren tudt\u00e1k tartani, pedag\u00f3giai munk\u00e1jukat ig\u00e9nyess\u00e9g jellemezte. Az egy\u00e9ni k\u00fcl\u00f6nbs\u00e9geket figyelembe vett\u00e9k, a differenci\u00e1lt fejleszt\u00e9seket nagyszer\u0171en alkalmazt\u00e1k. A szakmai munka kiv\u00e1l\u00f3 volt, a tan\u00e1rok az elm\u00e9leti ismeretekre \u00e9p\u00edtett\u00e9k fel a gyerekek gyakorlati tud\u00e1s\u00e1t.&nbsp; Az \u00f3r\u00e1k rendezett, sz\u00e9p, tiszta \u00e9s a m\u0171v\u00e9szetoktat\u00e1s hangulat\u00e1t t\u00fckr\u00f6z\u0151 tantermekben folytak, amelyeknek nagyon j\u00f3 a felszerelts\u00e9g\u00fck. Az iskola eg\u00e9sz ter\u00fclet\u00e9n egyre-m\u00e1sra k\u00f6sz\u00f6ntek r\u00e1nk a gyerekek kezeinek munk\u00e1i. Az int\u00e9zm\u00e9ny tan\u00fcgy-igazgat\u00e1si dokumentumai is p\u00e9ldamutat\u00f3an rendben voltak. Mindezek alapj\u00e1n a Min\u0151s\u00edt\u0151 Test\u00fclett\u0151l a Kisfaludy Mih\u00e1ly \u00c1ltal\u00e1nos Iskola \u00e9s Alapfok\u00fa M\u0171v\u00e9szetoktat\u00e1si Int\u00e9zm\u00e9ny elnyerte a<\/p>\n<p>KIV\u00c1L\u00d3RA MIN\u0150S\u00cdTETT ALAPFOK\u00da M\u0170V\u00c9SZETOKTAT\u00c1SI INT\u00c9ZM\u00c9NY<\/p>\n<p>c\u00edmet zenem\u0171v\u00e9szeti, t\u00e1ncm\u0171v\u00e9szeti, k\u00e9pz\u0151- \u00e9s iparm\u0171v\u00e9szeti, valamint b\u00e1bm\u0171v\u00e9szeti \u00e1gban.\u201d<\/p>\n<p>Nagyon \u00f6r\u00fcl\u00fcnk az el\u00e9rt eredm\u00e9nynek, tov\u00e1bbra is magas sz\u00ednvonalon szeretn\u00e9nk folytatni a gyerekek m\u0171v\u00e9szi nevel\u00e9s\u00e9t, oktat\u00e1s\u00e1t. Az ehhez ny\u00fajtott fenntart\u00f3i \u00e9s sz\u00fcl\u0151i seg\u00edts\u00e9get k\u00f6sz\u00f6nj\u00fck, \u00e9s b\u00edzunk a tov\u00e1bbi sikeres egy\u00fcttm\u0171k\u00f6d\u00e9sben.<\/p>\n\n\n<div class=\"wp-block-file\"><a href=\"http:\/\/www.kisfaludy-kornye.sulinet.hu\/wp-content\/uploads\/2021\/02\/KR\u00c9TA-p\u00e9nz\u00fcgyi-modul-bevezet\u00e9se-sz\u00fcl\u0151i-t\u00e1j\u00e9koztat\u00e1s.pdf\">KR\u00c9TA p\u00e9nz\u00fcgyi modul bevezet\u00e9se sz\u00fcl\u0151i t\u00e1j\u00e9koztat\u00e1s<\/a><a href=\"http:\/\/www.kisfaludy-kornye.sulinet.hu\/wp-content\/uploads\/2021\/02\/KR\u00c9TA-p\u00e9nz\u00fcgyi-modul-bevezet\u00e9se-sz\u00fcl\u0151i-t\u00e1j\u00e9koztat\u00e1s.pdf\" class=\"wp-block-file__button\" download>Let\u00f6lt\u00e9s<\/a><\/div>\n\n\n\n<div class=\"wp-block-file\"><a href=\"http:\/\/www.kisfaludy-kornye.sulinet.hu\/wp-content\/uploads\/2021\/02\/P\u00e9nz\u00fcgyi-Modul-Felhaszn\u00e1l\u00f3i-K\u00e9zik\u00f6nyv-Gondvisel\u0151k.pdf\">P\u00e9nz\u00fcgyi Modul Felhaszn\u00e1l\u00f3i K\u00e9zik\u00f6nyv Gondvisel\u0151k<\/a><a href=\"http:\/\/www.kisfaludy-kornye.sulinet.hu\/wp-content\/uploads\/2021\/02\/P\u00e9nz\u00fcgyi-Modul-Felhaszn\u00e1l\u00f3i-K\u00e9zik\u00f6nyv-Gondvisel\u0151k.pdf\" class=\"wp-block-file__button\" download>Let\u00f6lt\u00e9s<\/a><\/div>\n","protected":false},"excerpt":{"rendered":"<p>A tantervi v\u00e1ltoz\u00e1sok miatt tanul\u00f3ink k\u00f6telez\u0151 \u00f3r\u00e1inak sz\u00e1ma cs\u00f6kkent, kevesebb id\u0151t kellett szervezett keretek k\u00f6z\u00f6tt az \u00e1ltal\u00e1nos iskol\u00e1ban t\u00f6lteni\u00fck. Nagyon fontosnak tartjuk, hogy hasznosan t\u00f6lts\u00e9k el megn\u00f6vekedett szabadidej\u00fcket. K\u00fcl\u00f6n\u00f6sen napjainkban l\u00e9nyeges ez, amikor jelent\u0151s vesz\u00e9lyk\u00e9nt leselkedik gyermekeinkre a m\u00e9dia \u00e9s az internet ellen\u0151rizetlen haszn\u00e1lata, illetve az utcai cselleng\u00e9s, band\u00e1z\u00e1s. Ez\u00e9rt is d\u00f6nt\u00f6tt\u00fcnk \u00fagy, hogy 2001. [&hellip;]<\/p>\n","protected":false},"author":1,"featured_media":0,"parent":0,"menu_order":0,"comment_status":"closed","ping_status":"closed","template":"","meta":{"footnotes":""},"class_list":["post-88","page","type-page","status-publish","hentry"],"_links":{"self":[{"href":"http:\/\/www.kisfaludy-kornye.edu.hu\/index.php\/wp-json\/wp\/v2\/pages\/88","targetHints":{"allow":["GET"]}}],"collection":[{"href":"http:\/\/www.kisfaludy-kornye.edu.hu\/index.php\/wp-json\/wp\/v2\/pages"}],"about":[{"href":"http:\/\/www.kisfaludy-kornye.edu.hu\/index.php\/wp-json\/wp\/v2\/types\/page"}],"author":[{"embeddable":true,"href":"http:\/\/www.kisfaludy-kornye.edu.hu\/index.php\/wp-json\/wp\/v2\/users\/1"}],"replies":[{"embeddable":true,"href":"http:\/\/www.kisfaludy-kornye.edu.hu\/index.php\/wp-json\/wp\/v2\/comments?post=88"}],"version-history":[{"count":3,"href":"http:\/\/www.kisfaludy-kornye.edu.hu\/index.php\/wp-json\/wp\/v2\/pages\/88\/revisions"}],"predecessor-version":[{"id":1430,"href":"http:\/\/www.kisfaludy-kornye.edu.hu\/index.php\/wp-json\/wp\/v2\/pages\/88\/revisions\/1430"}],"wp:attachment":[{"href":"http:\/\/www.kisfaludy-kornye.edu.hu\/index.php\/wp-json\/wp\/v2\/media?parent=88"}],"curies":[{"name":"wp","href":"https:\/\/api.w.org\/{rel}","templated":true}]}}