{"id":117,"date":"2018-04-24T00:17:22","date_gmt":"2018-04-24T00:17:22","guid":{"rendered":"http:\/\/szerver1.kisfaludy-kornye.sulinet.hu\/?page_id=117"},"modified":"2026-04-24T14:42:56","modified_gmt":"2026-04-24T13:42:56","slug":"etkezes","status":"publish","type":"page","link":"http:\/\/www.kisfaludy-kornye.edu.hu\/index.php\/etkezes\/","title":{"rendered":"\u00c9tkez\u00e9s"},"content":{"rendered":"\n<p><strong>\u00c9lelmez\u00e9s vezet\u0151<\/strong><\/p>\n\n\n\n<p>Valki Cintia<\/p>\n\n\n\n<p>tel.: 34 &#8211; 473 &#8211; 121 \/ 3<\/p>\n\n\n\n<div data-wp-interactive=\"core\/file\" class=\"wp-block-file\"><object data-wp-bind--hidden=\"!state.hasPdfPreview\" hidden class=\"wp-block-file__embed\" data=\"http:\/\/www.kisfaludy-kornye.edu.hu\/wp-content\/uploads\/2026\/04\/Etlap-18.het_.pdf\" type=\"application\/pdf\" style=\"width:100%;height:600px\" aria-label=\"Etlap-18.het_ be\u00e1gyaz\u00e1sa be\u00e1gyaz\u00e1sa\"><\/object><a id=\"wp-block-file--media-4f0e97a4-1a77-408d-aef0-ddc1af39fe4b\" href=\"http:\/\/www.kisfaludy-kornye.edu.hu\/wp-content\/uploads\/2026\/04\/Etlap-18.het_.pdf\">Etlap-18.het_<\/a><a href=\"http:\/\/www.kisfaludy-kornye.edu.hu\/wp-content\/uploads\/2026\/04\/Etlap-18.het_.pdf\" class=\"wp-block-file__button\" download aria-describedby=\"wp-block-file--media-4f0e97a4-1a77-408d-aef0-ddc1af39fe4b\">Let\u00f6lt\u00e9s<\/a><\/div>\n\n\n\n<div data-wp-interactive=\"core\/file\" class=\"wp-block-file\"><object data-wp-bind--hidden=\"!state.hasPdfPreview\" hidden class=\"wp-block-file__embed\" data=\"http:\/\/www.kisfaludy-kornye.edu.hu\/wp-content\/uploads\/2026\/04\/Dietas-etlap-18.het_.pdf\" type=\"application\/pdf\" style=\"width:100%;height:600px\" aria-label=\"Dietas-etlap-18.het_ be\u00e1gyaz\u00e1sa be\u00e1gyaz\u00e1sa\"><\/object><a id=\"wp-block-file--media-b731f7fd-e8e8-457c-af74-25511bdf0439\" href=\"http:\/\/www.kisfaludy-kornye.edu.hu\/wp-content\/uploads\/2026\/04\/Dietas-etlap-18.het_.pdf\">Dietas-etlap-18.het_<\/a><a href=\"http:\/\/www.kisfaludy-kornye.edu.hu\/wp-content\/uploads\/2026\/04\/Dietas-etlap-18.het_.pdf\" class=\"wp-block-file__button\" download aria-describedby=\"wp-block-file--media-b731f7fd-e8e8-457c-af74-25511bdf0439\">Let\u00f6lt\u00e9s<\/a><\/div>\n\n\n\n<div data-wp-interactive=\"core\/file\" class=\"wp-block-file\"><object data-wp-bind--hidden=\"!state.hasPdfPreview\" hidden class=\"wp-block-file__embed\" data=\"http:\/\/www.kisfaludy-kornye.edu.hu\/wp-content\/uploads\/2026\/04\/Etlap-17.het_.pdf\" type=\"application\/pdf\" style=\"width:100%;height:600px\" aria-label=\"Etlap-17.het_ be\u00e1gyaz\u00e1sa be\u00e1gyaz\u00e1sa\"><\/object><a id=\"wp-block-file--media-b639ea0a-35d5-4fa0-86f5-7eed6df57bf3\" href=\"http:\/\/www.kisfaludy-kornye.edu.hu\/wp-content\/uploads\/2026\/04\/Etlap-17.het_.pdf\">Etlap-17.het_<\/a><a href=\"http:\/\/www.kisfaludy-kornye.edu.hu\/wp-content\/uploads\/2026\/04\/Etlap-17.het_.pdf\" class=\"wp-block-file__button\" download aria-describedby=\"wp-block-file--media-b639ea0a-35d5-4fa0-86f5-7eed6df57bf3\">Let\u00f6lt\u00e9s<\/a><\/div>\n\n\n\n<div data-wp-interactive=\"core\/file\" class=\"wp-block-file\"><object data-wp-bind--hidden=\"!state.hasPdfPreview\" hidden class=\"wp-block-file__embed\" data=\"http:\/\/www.kisfaludy-kornye.edu.hu\/wp-content\/uploads\/2026\/04\/Dietas-etlap-17.het_.pdf\" type=\"application\/pdf\" style=\"width:100%;height:600px\" aria-label=\"Dietas-etlap-17.het_ be\u00e1gyaz\u00e1sa be\u00e1gyaz\u00e1sa\"><\/object><a id=\"wp-block-file--media-aa925b25-e10c-4725-85e8-560166ea314f\" href=\"http:\/\/www.kisfaludy-kornye.edu.hu\/wp-content\/uploads\/2026\/04\/Dietas-etlap-17.het_.pdf\">Dietas-etlap-17.het_<\/a><a href=\"http:\/\/www.kisfaludy-kornye.edu.hu\/wp-content\/uploads\/2026\/04\/Dietas-etlap-17.het_.pdf\" class=\"wp-block-file__button\" download aria-describedby=\"wp-block-file--media-aa925b25-e10c-4725-85e8-560166ea314f\">Let\u00f6lt\u00e9s<\/a><\/div>\n\n\n\n<div data-wp-interactive=\"core\/file\" class=\"wp-block-file\"><object data-wp-bind--hidden=\"!state.hasPdfPreview\" hidden class=\"wp-block-file__embed\" data=\"http:\/\/www.kisfaludy-kornye.edu.hu\/wp-content\/uploads\/2026\/04\/Etlap-16.-het.pdf\" type=\"application\/pdf\" style=\"width:100%;height:600px\" aria-label=\"Etlap-16.-het be\u00e1gyaz\u00e1sa be\u00e1gyaz\u00e1sa\"><\/object><a id=\"wp-block-file--media-e09801f0-8e77-4db0-902c-1bb72d27ac49\" href=\"http:\/\/www.kisfaludy-kornye.edu.hu\/wp-content\/uploads\/2026\/04\/Etlap-16.-het.pdf\">Etlap-16.-het<\/a><a href=\"http:\/\/www.kisfaludy-kornye.edu.hu\/wp-content\/uploads\/2026\/04\/Etlap-16.-het.pdf\" class=\"wp-block-file__button\" download aria-describedby=\"wp-block-file--media-e09801f0-8e77-4db0-902c-1bb72d27ac49\">Let\u00f6lt\u00e9s<\/a><\/div>\n\n\n\n<div data-wp-interactive=\"core\/file\" class=\"wp-block-file\"><object data-wp-bind--hidden=\"!state.hasPdfPreview\" hidden class=\"wp-block-file__embed\" data=\"http:\/\/www.kisfaludy-kornye.edu.hu\/wp-content\/uploads\/2026\/04\/Dietas-etlap-16.-het.pdf\" type=\"application\/pdf\" style=\"width:100%;height:600px\" aria-label=\"Dietas-etlap-16.-het be\u00e1gyaz\u00e1sa be\u00e1gyaz\u00e1sa\"><\/object><a id=\"wp-block-file--media-02519aef-3163-4957-8346-2cdd7682a882\" href=\"http:\/\/www.kisfaludy-kornye.edu.hu\/wp-content\/uploads\/2026\/04\/Dietas-etlap-16.-het.pdf\">Dietas-etlap-16.-het<\/a><a href=\"http:\/\/www.kisfaludy-kornye.edu.hu\/wp-content\/uploads\/2026\/04\/Dietas-etlap-16.-het.pdf\" class=\"wp-block-file__button\" download aria-describedby=\"wp-block-file--media-02519aef-3163-4957-8346-2cdd7682a882\">Let\u00f6lt\u00e9s<\/a><\/div>\n\n\n\n<div data-wp-interactive=\"core\/file\" class=\"wp-block-file\"><object data-wp-bind--hidden=\"!state.hasPdfPreview\" hidden class=\"wp-block-file__embed\" data=\"http:\/\/www.kisfaludy-kornye.edu.hu\/wp-content\/uploads\/2026\/03\/Etlap-14.het_.pdf\" type=\"application\/pdf\" style=\"width:100%;height:600px\" aria-label=\"Etlap-14.het_ be\u00e1gyaz\u00e1sa be\u00e1gyaz\u00e1sa\"><\/object><a id=\"wp-block-file--media-95b8158b-004a-468f-b210-1e536ff848f3\" href=\"http:\/\/www.kisfaludy-kornye.edu.hu\/wp-content\/uploads\/2026\/03\/Etlap-14.het_.pdf\">Etlap-14.het_<\/a><a href=\"http:\/\/www.kisfaludy-kornye.edu.hu\/wp-content\/uploads\/2026\/03\/Etlap-14.het_.pdf\" class=\"wp-block-file__button\" download aria-describedby=\"wp-block-file--media-95b8158b-004a-468f-b210-1e536ff848f3\">Let\u00f6lt\u00e9s<\/a><\/div>\n\n\n\n<p>email: elelmezes@kornye.hu<\/p>\n\n\n\n<figure class=\"wp-block-gallery has-nested-images columns-default is-cropped wp-block-gallery-1 is-layout-flex wp-block-gallery-is-layout-flex\"><\/figure>\n\n\n\n<p><\/p>\n","protected":false},"excerpt":{"rendered":"<p>\u00c9lelmez\u00e9s vezet\u0151 Valki Cintia tel.: 34 &#8211; 473 &#8211; 121 \/ 3 email: elelmezes@kornye.hu<\/p>\n","protected":false},"author":1,"featured_media":0,"parent":0,"menu_order":0,"comment_status":"closed","ping_status":"closed","template":"","meta":{"footnotes":""},"class_list":["post-117","page","type-page","status-publish","hentry"],"_links":{"self":[{"href":"http:\/\/www.kisfaludy-kornye.edu.hu\/index.php\/wp-json\/wp\/v2\/pages\/117","targetHints":{"allow":["GET"]}}],"collection":[{"href":"http:\/\/www.kisfaludy-kornye.edu.hu\/index.php\/wp-json\/wp\/v2\/pages"}],"about":[{"href":"http:\/\/www.kisfaludy-kornye.edu.hu\/index.php\/wp-json\/wp\/v2\/types\/page"}],"author":[{"embeddable":true,"href":"http:\/\/www.kisfaludy-kornye.edu.hu\/index.php\/wp-json\/wp\/v2\/users\/1"}],"replies":[{"embeddable":true,"href":"http:\/\/www.kisfaludy-kornye.edu.hu\/index.php\/wp-json\/wp\/v2\/comments?post=117"}],"version-history":[{"count":265,"href":"http:\/\/www.kisfaludy-kornye.edu.hu\/index.php\/wp-json\/wp\/v2\/pages\/117\/revisions"}],"predecessor-version":[{"id":2914,"href":"http:\/\/www.kisfaludy-kornye.edu.hu\/index.php\/wp-json\/wp\/v2\/pages\/117\/revisions\/2914"}],"wp:attachment":[{"href":"http:\/\/www.kisfaludy-kornye.edu.hu\/index.php\/wp-json\/wp\/v2\/media?parent=117"}],"curies":[{"name":"wp","href":"https:\/\/api.w.org\/{rel}","templated":true}]}}